{"id":10,"date":"2025-01-09T12:57:03","date_gmt":"2025-01-09T11:57:03","guid":{"rendered":"https:\/\/wvmxoit.cluster027.hosting.ovh.net\/?page_id=10"},"modified":"2025-01-15T17:55:12","modified_gmt":"2025-01-15T16:55:12","slug":"musicotherapie","status":"publish","type":"page","link":"https:\/\/www.sarahzik.fr\/index.php\/musicotherapie\/","title":{"rendered":"Musicoth\u00e9rapie"},"content":{"rendered":"\n<p>La musicoth\u00e9rapie cherche \u00e0 privil\u00e9gier l\u2019accueil de patients en grande souffrance de communication, elle vise \u00e0 soutenir la construction identitaire, encourager l\u2019organisation psychique, enrichir, d\u00e9velopper les potentialit\u00e9s relationnelles en s\u2019appuyant sur cet objet de relation qu\u2019est la musique.<\/p>\n\n\n\n<p>La musique prend la place de tiers dans la relation patient th\u00e9rapeute ce qui permet un d\u00e9centrement par rapport \u00e0 une place de ma\u00eetrise ou de suppos\u00e9 savoir. L\u2019\u00e9coute offerte, le regard de l\u2019autre, sa pr\u00e9sence, vont amener le sujet \u00e0 se pr\u00e9senter lui-m\u00eame et \u00e0 identifier son propre d\u00e9sir.<\/p>\n\n\n\n<p>La dimension ludique et le mode d\u2019expression non verbal offerts par la musique ouvrent au sujet un espace de communication, de cr\u00e9ation s\u00e9curisant, et contenant ou le plaisir sensoriel et \u00e9motionnel agissent comme moteur dans la prise de conscience de soi, de l\u2019autre, du corps et de son \u00e9nergie. La musique en tant que langage symbolique et culturel permet \u00e0 la fois de se nourrir, structurer le psychisme et participe \u00e0 la socialisation et l\u2019int\u00e9gration culturelle.<\/p>\n\n\n\n<p>La musique n\u2019est pas th\u00e9rapeutique en soi, elle le devient quand elle est le support de m\u00e9thodes th\u00e9rapeutiques dans une demande d\u2019aide pour soulager une souffrance<\/p>\n\n\n\n<p>La musicoth\u00e9rapie est une forme de psychoth\u00e9rapie qui utilise les propri\u00e9t\u00e9s du son et de la musique dans l\u2019\u00e9laboration de m\u00e9thodes diagnostiques \u00e0 la recherche d\u2019une efficacit\u00e9 th\u00e9rapeutique, celles-ci sont indiqu\u00e9s en fonction des projets de soins et des champs d\u2019applications.<\/p>\n\n\n\n<p>Compl\u00e9ment aux antidouleurs, elle procure apaisement et stimule le cerveau par la production d\u2019endorphines (anti-stress et anti-anxi\u00e9t\u00e9) mais aussi par la production de la fameuse mol\u00e9cule ocytocine<\/p>\n\n\n\n<p>L\u2019ocytocine est une hormone synth\u00e9tis\u00e9e naturellement par l\u2019organisme, elle met en interaction les zones de cerveau li\u00e9es aux relations et interactions sociales, elle a un r\u00f4le de l\u2019attachement maternel, L\u2019une des raisons qui fait que la musicoth\u00e9rapie en compl\u00e9ment d\u2019autres th\u00e9rapies comportementales reste une aide et un atout pr\u00e9cieux n\u00e9cessaire aux autistes qui manquent de cette fameuse hormone, ce qui provoque des d\u00e9ficiences du langage et la cognition sociale est compliqu\u00e9e.<\/p>\n","protected":false},"excerpt":{"rendered":"<p>La musicoth\u00e9rapie cherche \u00e0 privil\u00e9gier l\u2019accueil de patients en grande souffrance de communication, elle vise \u00e0 soutenir la construction identitaire, encourager l\u2019organisation psychique, enrichir, d\u00e9velopper les potentialit\u00e9s relationnelles en s\u2019appuyant sur cet objet de relation qu\u2019est la musique. La musique prend la place de tiers dans la relation patient th\u00e9rapeute ce qui permet un d\u00e9centrement [&hellip;]<\/p>\n","protected":false},"author":1,"featured_media":0,"parent":0,"menu_order":0,"comment_status":"closed","ping_status":"closed","template":"","meta":{"footnotes":""},"class_list":["post-10","page","type-page","status-publish","hentry"],"_links":{"self":[{"href":"https:\/\/www.sarahzik.fr\/index.php\/wp-json\/wp\/v2\/pages\/10","targetHints":{"allow":["GET"]}}],"collection":[{"href":"https:\/\/www.sarahzik.fr\/index.php\/wp-json\/wp\/v2\/pages"}],"about":[{"href":"https:\/\/www.sarahzik.fr\/index.php\/wp-json\/wp\/v2\/types\/page"}],"author":[{"embeddable":true,"href":"https:\/\/www.sarahzik.fr\/index.php\/wp-json\/wp\/v2\/users\/1"}],"replies":[{"embeddable":true,"href":"https:\/\/www.sarahzik.fr\/index.php\/wp-json\/wp\/v2\/comments?post=10"}],"version-history":[{"count":4,"href":"https:\/\/www.sarahzik.fr\/index.php\/wp-json\/wp\/v2\/pages\/10\/revisions"}],"predecessor-version":[{"id":42,"href":"https:\/\/www.sarahzik.fr\/index.php\/wp-json\/wp\/v2\/pages\/10\/revisions\/42"}],"wp:attachment":[{"href":"https:\/\/www.sarahzik.fr\/index.php\/wp-json\/wp\/v2\/media?parent=10"}],"curies":[{"name":"wp","href":"https:\/\/api.w.org\/{rel}","templated":true}]}}