{"id":5,"date":"2025-01-09T12:49:45","date_gmt":"2025-01-09T11:49:45","guid":{"rendered":"https:\/\/wvmxoit.cluster027.hosting.ovh.net\/?page_id=5"},"modified":"2025-01-15T17:19:44","modified_gmt":"2025-01-15T16:19:44","slug":"parcours","status":"publish","type":"page","link":"https:\/\/www.sarahzik.fr\/index.php\/parcours\/","title":{"rendered":"Parcours"},"content":{"rendered":"\n<p>Apr\u00e8s quelques ann\u00e9es dans le milieu Industriel et la cr\u00e9ation de ma propre structure, j\u2019ai voulu laisser une plus grande place dans ma vie pour la musique.<\/p>\n\n\n\n<p>Les effets th\u00e9rapeutiques de la musique m\u2019ont int\u00e9ress\u00e9 au plus haut point, ce qui m\u2019a amen\u00e9 \u00e0 une reconversion professionnelle<br>et une formation de musicoth\u00e9rapie au Centre International de Musicoth\u00e9rapie et le dipl\u00f4me obtenu avec mention bien+ en 2014.<\/p>\n\n\n\n<p>Musicoth\u00e9rapeute  et Neuro-musicoth\u00e9rapeute certifi\u00e9e<br>Musicienne, percussionniste joueuse de Luth, Chanteuse<br>La musique fait partie de mon quotidien, me nourrit et me donne la force et le plaisir chaque jour.<\/p>\n\n\n\n<p>Adh\u00e9rente \u00e0 la F\u00e9d\u00e9ration fran\u00e7aise de Musicoth\u00e9rapie<\/p>\n\n\n\n<p>Je continue \u00e0 me former pour \u00eatre \u00e0 jour de nouvelles techniques non m\u00e9dicamenteuses pour une meilleure prise en charge de personnes souffrant de pathologies ou recherchant un mieux \u00eatre.<\/p>\n\n\n\n<p><\/p>\n\n\n\n<p><\/p>\n","protected":false},"excerpt":{"rendered":"<p>Apr\u00e8s quelques ann\u00e9es dans le milieu Industriel et la cr\u00e9ation de ma propre structure, j\u2019ai voulu laisser une plus grande place dans ma vie pour la musique. Les effets th\u00e9rapeutiques de la musique m\u2019ont int\u00e9ress\u00e9 au plus haut point, ce qui m\u2019a amen\u00e9 \u00e0 une reconversion professionnelleet une formation de musicoth\u00e9rapie au Centre International de [&hellip;]<\/p>\n","protected":false},"author":1,"featured_media":0,"parent":0,"menu_order":0,"comment_status":"closed","ping_status":"closed","template":"","meta":{"footnotes":""},"class_list":["post-5","page","type-page","status-publish","hentry"],"_links":{"self":[{"href":"https:\/\/www.sarahzik.fr\/index.php\/wp-json\/wp\/v2\/pages\/5","targetHints":{"allow":["GET"]}}],"collection":[{"href":"https:\/\/www.sarahzik.fr\/index.php\/wp-json\/wp\/v2\/pages"}],"about":[{"href":"https:\/\/www.sarahzik.fr\/index.php\/wp-json\/wp\/v2\/types\/page"}],"author":[{"embeddable":true,"href":"https:\/\/www.sarahzik.fr\/index.php\/wp-json\/wp\/v2\/users\/1"}],"replies":[{"embeddable":true,"href":"https:\/\/www.sarahzik.fr\/index.php\/wp-json\/wp\/v2\/comments?post=5"}],"version-history":[{"count":5,"href":"https:\/\/www.sarahzik.fr\/index.php\/wp-json\/wp\/v2\/pages\/5\/revisions"}],"predecessor-version":[{"id":36,"href":"https:\/\/www.sarahzik.fr\/index.php\/wp-json\/wp\/v2\/pages\/5\/revisions\/36"}],"wp:attachment":[{"href":"https:\/\/www.sarahzik.fr\/index.php\/wp-json\/wp\/v2\/media?parent=5"}],"curies":[{"name":"wp","href":"https:\/\/api.w.org\/{rel}","templated":true}]}}