{"id":8,"date":"2025-01-09T12:55:14","date_gmt":"2025-01-09T11:55:14","guid":{"rendered":"https:\/\/wvmxoit.cluster027.hosting.ovh.net\/?page_id=8"},"modified":"2025-01-15T17:06:51","modified_gmt":"2025-01-15T16:06:51","slug":"accueil","status":"publish","type":"page","link":"https:\/\/www.sarahzik.fr\/index.php\/accueil\/","title":{"rendered":"Accueil"},"content":{"rendered":"\n<p><\/p>\n\n\n\n<p>\u00ab<strong>La musique<\/strong> est notre plus ancienne forme d\u2019expression, pr\u00e9c\u00e9dant le langage et l\u2019art. Cela commence avec la voix, et par notre d\u00e9sir accablant de joindre les autres. En effet, la musique remonte \u00e0 beaucoup plus loin que les mots(\u2026). La musique touche nos sentiments bien plus que ne le font les mots, et elle nous fait r\u00e9agir de tout notre \u00eatre.\u00bb<em> Yehudi Menuhin<\/em><\/p>\n\n\n\n<p>&nbsp;\u00ab La musique a ce pouvoir de toucher nos c\u0153urs et de remonter le moral, de nous unir et de traduire l\u2019inexprimable, de nous transporter \u00e0 d\u2019autres \u00e9poques et en d\u2019autres lieux et d\u2019apaiser et de stimuler nos corps, nos pens\u00e9es et notre esprit. Elle nous rejoint de mille mani\u00e8res et, comme outil th\u00e9rapeutique, elle peut grandement am\u00e9liorer les soins en fin de vie&nbsp;\u00bb Docteur Deborah Salmon musicoth\u00e9rapeute au centre universitaire Mc Gill \u00e0 Montr\u00e9al<\/p>\n\n\n\n<p><\/p>\n","protected":false},"excerpt":{"rendered":"<p>\u00abLa musique est notre plus ancienne forme d\u2019expression, pr\u00e9c\u00e9dant le langage et l\u2019art. Cela commence avec la voix, et par notre d\u00e9sir accablant de joindre les autres. En effet, la musique remonte \u00e0 beaucoup plus loin que les mots(\u2026). La musique touche nos sentiments bien plus que ne le font les mots, et elle nous [&hellip;]<\/p>\n","protected":false},"author":1,"featured_media":0,"parent":0,"menu_order":0,"comment_status":"closed","ping_status":"closed","template":"","meta":{"footnotes":""},"class_list":["post-8","page","type-page","status-publish","hentry"],"_links":{"self":[{"href":"https:\/\/www.sarahzik.fr\/index.php\/wp-json\/wp\/v2\/pages\/8","targetHints":{"allow":["GET"]}}],"collection":[{"href":"https:\/\/www.sarahzik.fr\/index.php\/wp-json\/wp\/v2\/pages"}],"about":[{"href":"https:\/\/www.sarahzik.fr\/index.php\/wp-json\/wp\/v2\/types\/page"}],"author":[{"embeddable":true,"href":"https:\/\/www.sarahzik.fr\/index.php\/wp-json\/wp\/v2\/users\/1"}],"replies":[{"embeddable":true,"href":"https:\/\/www.sarahzik.fr\/index.php\/wp-json\/wp\/v2\/comments?post=8"}],"version-history":[{"count":2,"href":"https:\/\/www.sarahzik.fr\/index.php\/wp-json\/wp\/v2\/pages\/8\/revisions"}],"predecessor-version":[{"id":30,"href":"https:\/\/www.sarahzik.fr\/index.php\/wp-json\/wp\/v2\/pages\/8\/revisions\/30"}],"wp:attachment":[{"href":"https:\/\/www.sarahzik.fr\/index.php\/wp-json\/wp\/v2\/media?parent=8"}],"curies":[{"name":"wp","href":"https:\/\/api.w.org\/{rel}","templated":true}]}}